
{"id":699,"date":"2013-01-26T15:47:37","date_gmt":"2013-01-26T15:47:37","guid":{"rendered":"http:\/\/guitarexperience.com.br\/wp\/?page_id=699"},"modified":"2015-09-15T15:48:35","modified_gmt":"2015-09-15T15:48:35","slug":"marcelo-jesuino","status":"publish","type":"page","link":"http:\/\/guitarexperience.com.br\/wp\/?page_id=699","title":{"rendered":"Marcelo Jesu\u00edno"},"content":{"rendered":"<p style=\"text-align: justify;\"><a href=\"http:\/\/guitarexperience.com.br\/wp\/wp-content\/uploads\/2015\/09\/jesuino-460x2611.jpg\"><img loading=\"lazy\" class=\"alignleft size-medium wp-image-700\" src=\"http:\/\/guitarexperience.com.br\/wp\/wp-content\/uploads\/2015\/09\/jesuino-460x2611-300x170.jpg\" alt=\"jesuino-460x261\" width=\"300\" height=\"170\" srcset=\"http:\/\/guitarexperience.com.br\/wp\/wp-content\/uploads\/2015\/09\/jesuino-460x2611-300x170.jpg 300w, http:\/\/guitarexperience.com.br\/wp\/wp-content\/uploads\/2015\/09\/jesuino-460x2611.jpg 460w\" sizes=\"(max-width: 300px) 100vw, 300px\" \/><\/a>O Guitarrista Marcelo Jesuino \u00e9 m\u00fasico profissional desde 1999 j\u00e1 atuou como sideman, produtor musical e diretor art\u00edstico. Inciou seus estudos nos cursos livres da Universidade Federal da Bahia, cursou como aluno especial o mestrado da UNICAMP em disciplinas voltadas \u00e0 improvisa\u00e7\u00e3o, harmonia e hist\u00f3ria da m\u00fasica. Em 2006 cursou na Universidade de Louisville (School of Music Kentucky, EUA) o Jamey Aebersold Jazz Course e participou do 16\u00ba Encontro Anual da IASJ (Associa\u00e7\u00e3o Internacional de Escolas de Jazz) na mesma universidade. No curso teve aulas com nomes como David Liebman, Jamey Aebersold, David Baker, Jerry Coker, Dave Stryker e Corey Christiansen. Dedica-se hoje exclusivamente a diversos grupos de m\u00fasica instrumental e \u00e9 diretor art\u00edstico da casa Ao Vivo Music em S\u00e3o Paulo.<\/p>\n<!-- AddThis Advanced Settings generic via filter on the_content --><!-- AddThis Share Buttons generic via filter on the_content -->","protected":false},"excerpt":{"rendered":"<p>O Guitarrista Marcelo Jesuino \u00e9 m\u00fasico profissional desde 1999 j\u00e1 atuou como sideman, produtor musical e diretor art\u00edstico. Inciou seus<!-- AddThis Advanced Settings generic via filter on get_the_excerpt --><!-- AddThis Share Buttons generic via filter on get_the_excerpt --><\/p>\n","protected":false},"author":1,"featured_media":0,"parent":0,"menu_order":0,"comment_status":"closed","ping_status":"closed","template":"","meta":[],"_links":{"self":[{"href":"http:\/\/guitarexperience.com.br\/wp\/index.php?rest_route=\/wp\/v2\/pages\/699"}],"collection":[{"href":"http:\/\/guitarexperience.com.br\/wp\/index.php?rest_route=\/wp\/v2\/pages"}],"about":[{"href":"http:\/\/guitarexperience.com.br\/wp\/index.php?rest_route=\/wp\/v2\/types\/page"}],"author":[{"embeddable":true,"href":"http:\/\/guitarexperience.com.br\/wp\/index.php?rest_route=\/wp\/v2\/users\/1"}],"replies":[{"embeddable":true,"href":"http:\/\/guitarexperience.com.br\/wp\/index.php?rest_route=%2Fwp%2Fv2%2Fcomments&post=699"}],"version-history":[{"count":2,"href":"http:\/\/guitarexperience.com.br\/wp\/index.php?rest_route=\/wp\/v2\/pages\/699\/revisions"}],"predecessor-version":[{"id":702,"href":"http:\/\/guitarexperience.com.br\/wp\/index.php?rest_route=\/wp\/v2\/pages\/699\/revisions\/702"}],"wp:attachment":[{"href":"http:\/\/guitarexperience.com.br\/wp\/index.php?rest_route=%2Fwp%2Fv2%2Fmedia&parent=699"}],"curies":[{"name":"wp","href":"https:\/\/api.w.org\/{rel}","templated":true}]}}