
{"id":663,"date":"2013-01-26T15:05:15","date_gmt":"2013-01-26T15:05:15","guid":{"rendered":"http:\/\/guitarexperience.com.br\/wp\/?page_id=663"},"modified":"2015-09-15T15:22:41","modified_gmt":"2015-09-15T15:22:41","slug":"andre-sampaio","status":"publish","type":"page","link":"http:\/\/guitarexperience.com.br\/wp\/?page_id=663","title":{"rendered":"Andr\u00e9 Sampaio"},"content":{"rendered":"<p style=\"text-align: justify;\"><a href=\"http:\/\/guitarexperience.com.br\/wp\/wp-content\/uploads\/2013\/01\/de3-460x261.jpg\"><img loading=\"lazy\" class=\"alignleft size-medium wp-image-665\" src=\"http:\/\/guitarexperience.com.br\/wp\/wp-content\/uploads\/2013\/01\/de3-460x261-300x170.jpg\" alt=\"de3-460x261\" width=\"300\" height=\"170\" srcset=\"http:\/\/guitarexperience.com.br\/wp\/wp-content\/uploads\/2013\/01\/de3-460x261-300x170.jpg 300w, http:\/\/guitarexperience.com.br\/wp\/wp-content\/uploads\/2013\/01\/de3-460x261.jpg 460w\" sizes=\"(max-width: 300px) 100vw, 300px\" \/><\/a>Influenciado por diversos estilos musicais, como m\u00fasica popular brasileira e\u00a0<i>jazz<\/i>\u00a0erudito, foi no\u00a0<i>rock<\/i>\u00a0e no\u00a0<i>blues<\/i>\u00a0que Andr\u00e9 encontrou sua veia musical. Ap\u00f3s estudar com Sydnei Carvalho, ingressou no Conservat\u00f3rio Souza Lima e no IG&amp;T, evoluindo com Eduardo Ardanuy, Michel Leme, Daniel Maudonnet, Edinilson Lazzari, Carlos Ezequiel, Marcio Alvez, entre outros. Mesmo com toda a bagagem adquirida, habilitou-se em guitarra pela FASC, tornando-se Bacharel em M\u00fasica. Aspirando a uma gradua\u00e7\u00e3o tamb\u00e9m no exterior, Andr\u00e9 foi beneficiado com uma bolsa de estudos no\u00a0<i>L.A. Music Academy<\/i>, onde aprimorou conhecimentos e habilidades ao estudar com Frank Gambale, Brad Rabuchin, Jeff Richman, Steve Fister, Ross Bolton, Dave Hill, Jerry Watts, Art Renshaw, Dave Pozzi.<\/p>\n<p style=\"text-align: justify;\">Participou do circuito musical em LA e em S\u00e3o Francisco com Mayu Wakisaka (famosa cantora japonesa vencedora de um grande\u00a0<i>reality show<\/i>\u00a0da TV Japonesa) e Stella Fishman. Gravou em est\u00fadio para a cantora argentina Alejandra Lopez. De volta ao Brasil, foi convidado por Andr\u00e9 Martins a lecionar na GIG Cultural, em S\u00e3o Paulo. Atua como professor de guitarra tamb\u00e9m no Vale do Para\u00edba. Foi colaborador e posteriormente editor chefe da revista\u00a0<i>Cover Guitarra<\/i>.<\/p>\n<p style=\"text-align: justify;\">No ano de 2010 participou do Heart of Hero, projeto que visa a ajudar no tratamento do guitarrista norte americano Jason Becker, ao lado de grandes guitarristas brasileiros como Edu Ardanuy, Kiko Loreiro, Rafael Bittencourt, entre outros.<\/p>\n<p style=\"text-align: justify;\">Em breve, Andr\u00e9 apresentar\u00e1 seu primeiro\u00a0<b>disco solo<\/b>, que conta no baixo com Philip Bynoe (<i>credits:\u00a0<\/i>Steve Vai, Nuno Bitencourt, Slash etc.), na bateria com Sandro Feliciano (<i>credits:\u00a0<\/i>Airto Moreira, George Clinton, The Temptations etc.) e na guitarra com a participa\u00e7\u00e3o especial de Steve Fister (<i>credits:\u00a0<\/i>Lita Ford, Joshua Path, John Kay &amp; Steppenwolf etc.).<\/p>\n<!-- AddThis Advanced Settings generic via filter on the_content --><!-- AddThis Share Buttons generic via filter on the_content -->","protected":false},"excerpt":{"rendered":"<p>Influenciado por diversos estilos musicais, como m\u00fasica popular brasileira e\u00a0jazz\u00a0erudito, foi no\u00a0rock\u00a0e no\u00a0blues\u00a0que Andr\u00e9 encontrou sua veia musical. Ap\u00f3s estudar<!-- AddThis Advanced Settings generic via filter on get_the_excerpt --><!-- AddThis Share Buttons generic via filter on get_the_excerpt --><\/p>\n","protected":false},"author":1,"featured_media":0,"parent":0,"menu_order":0,"comment_status":"closed","ping_status":"closed","template":"","meta":[],"_links":{"self":[{"href":"http:\/\/guitarexperience.com.br\/wp\/index.php?rest_route=\/wp\/v2\/pages\/663"}],"collection":[{"href":"http:\/\/guitarexperience.com.br\/wp\/index.php?rest_route=\/wp\/v2\/pages"}],"about":[{"href":"http:\/\/guitarexperience.com.br\/wp\/index.php?rest_route=\/wp\/v2\/types\/page"}],"author":[{"embeddable":true,"href":"http:\/\/guitarexperience.com.br\/wp\/index.php?rest_route=\/wp\/v2\/users\/1"}],"replies":[{"embeddable":true,"href":"http:\/\/guitarexperience.com.br\/wp\/index.php?rest_route=%2Fwp%2Fv2%2Fcomments&post=663"}],"version-history":[{"count":2,"href":"http:\/\/guitarexperience.com.br\/wp\/index.php?rest_route=\/wp\/v2\/pages\/663\/revisions"}],"predecessor-version":[{"id":666,"href":"http:\/\/guitarexperience.com.br\/wp\/index.php?rest_route=\/wp\/v2\/pages\/663\/revisions\/666"}],"wp:attachment":[{"href":"http:\/\/guitarexperience.com.br\/wp\/index.php?rest_route=%2Fwp%2Fv2%2Fmedia&parent=663"}],"curies":[{"name":"wp","href":"https:\/\/api.w.org\/{rel}","templated":true}]}}